{"id":4812,"date":"2022-10-07T20:04:23","date_gmt":"2022-10-07T18:04:23","guid":{"rendered":"https:\/\/www.chlaus.org\/?post_type=product&#038;p=4812"},"modified":"2025-10-19T08:28:07","modified_gmt":"2025-10-19T06:28:07","slug":"besuch-im-samichlaushuesli","status":"publish","type":"product","link":"https:\/\/www.chlaus.org\/?product=besuch-im-samichlaushuesli","title":{"rendered":"Besuch im Samichlaush\u00fcsli"},"content":{"rendered":"","protected":false},"excerpt":{"rendered":"<p>Der Samichlaus empf\u00e4ngt Sie mit Ihren Kindern vor dem <strong>H\u00fcsli an der Hardstrasse &#8211; vis-\u00e0-vis &#8220;Im Waldheim&#8221; &#8211;<\/strong> \u00a0in Wallisellen zu einem Besuch. Der Besuch dauert max. 40 Minuten.<\/p>\n<p>Neben einer kurzen Geschichte erz\u00e4hlt der Samichlaus auch etwas \u00fcber die Kinder. Jedes Kind erh\u00e4lt vom Samichlaus ein Chlauss\u00e4ckli.<\/p>\n<p>Bitte w\u00e4hlen Sie unten das Besuchsdatum zwischen dem \u00a04. und 7. Dezember , den Besuchszeitpunkt, sowie die Anzahl Kinder aus.\u00a0 Es k\u00f6nnen aus Platzgr\u00fcnden nicht mehr als 4 Kinder kommen.<\/p>\n<p>Der Unkostenbeitrag ist abh\u00e4ngig von der Anzahl der Kinder, startet bei CHF 25.-<\/p>\n<p>Sie erhalten mit Abschluss der Terminreservation ein Formular per Mail zugestellt, welches Sie mit den Angaben zu den Kindern m\u00f6glichst gleichentags ausf\u00fcllen. Im selben Mail erhalten Sie auch die Rechnung sowie ein Link mit den Kartenausschnitten und den Verhaltensrichtlinien am Besuchsort.<\/p>\n","protected":false},"featured_media":3476,"comment_status":"closed","ping_status":"closed","template":"","meta":[],"product_brand":[],"product_cat":[70],"product_tag":[71],"class_list":{"0":"post-4812","1":"product","2":"type-product","3":"status-publish","4":"has-post-thumbnail","6":"product_cat-besuche-beim-samichlaus","7":"product_tag-familien","9":"first","10":"instock","11":"virtual","12":"purchasable","13":"product-type-appointment"},"exclude_global_add_ons":false,"addons":[{"name":"Anzahl Kinder","type":"multiple_choice","position":0,"required":true,"title_format":"label","default":"","description_enable":false,"description":"","placeholder_enable":false,"placeholder":"","display":"radiobutton","restrictions_type":"any_text","adjust_price":false,"price":"","price_type":"flat_fee","restrictions":false,"min":"0","max":"0","options":[{"label":"1 Kind","price":"25","price_type":"flat_fee","image":0,"visibility":true},{"label":"2 Kinder","price":"40","price_type":"flat_fee","image":0,"visibility":true},{"label":"3 Kinder","price":"55","price_type":"flat_fee","image":0,"visibility":true},{"label":"4 Kinder","price":"65","price_type":"flat_fee","image":0,"visibility":true}],"id":1695584985}],"_links":{"self":[{"href":"https:\/\/www.chlaus.org\/index.php?rest_route=\/wp\/v2\/product\/4812","targetHints":{"allow":["GET"]}}],"collection":[{"href":"https:\/\/www.chlaus.org\/index.php?rest_route=\/wp\/v2\/product"}],"about":[{"href":"https:\/\/www.chlaus.org\/index.php?rest_route=\/wp\/v2\/types\/product"}],"replies":[{"embeddable":true,"href":"https:\/\/www.chlaus.org\/index.php?rest_route=%2Fwp%2Fv2%2Fcomments&post=4812"}],"wp:featuredmedia":[{"embeddable":true,"href":"https:\/\/www.chlaus.org\/index.php?rest_route=\/wp\/v2\/media\/3476"}],"wp:attachment":[{"href":"https:\/\/www.chlaus.org\/index.php?rest_route=%2Fwp%2Fv2%2Fmedia&parent=4812"}],"wp:term":[{"taxonomy":"product_brand","embeddable":true,"href":"https:\/\/www.chlaus.org\/index.php?rest_route=%2Fwp%2Fv2%2Fproduct_brand&post=4812"},{"taxonomy":"product_cat","embeddable":true,"href":"https:\/\/www.chlaus.org\/index.php?rest_route=%2Fwp%2Fv2%2Fproduct_cat&post=4812"},{"taxonomy":"product_tag","embeddable":true,"href":"https:\/\/www.chlaus.org\/index.php?rest_route=%2Fwp%2Fv2%2Fproduct_tag&post=4812"}],"curies":[{"name":"wp","href":"https:\/\/api.w.org\/{rel}","templated":true}]}}