{"id":96,"date":"2014-08-24T17:14:26","date_gmt":"2014-08-24T17:14:26","guid":{"rendered":"http:\/\/192.168.1.104\/enfold-blog\/?page_id=2"},"modified":"2024-10-29T15:24:32","modified_gmt":"2024-10-29T14:24:32","slug":"about","status":"publish","type":"page","link":"https:\/\/www.chlaus.org\/?page_id=96","title":{"rendered":"\u00dcber uns"},"content":{"rendered":"\n<style type=\"text\/css\" data-created_by=\"avia_inline_auto\" id=\"style-css-av-73wcc-b2b6c29db31c550eee772d4662802269\">\n.avia-section.av-73wcc-b2b6c29db31c550eee772d4662802269{\nbackground-repeat:no-repeat;\nbackground-image:url(https:\/\/www.chlaus.org\/wp-content\/uploads\/2015\/08\/Samichlauseinzug-2009-0261.jpg);\nbackground-position:50% 50%;\nbackground-attachment:fixed;\n}\n.avia-section.av-73wcc-b2b6c29db31c550eee772d4662802269 .av-section-color-overlay{\nopacity:0.2;\nbackground-color:#000000;\n}\n<\/style>\n<div id='av_section_1'  class='avia-section av-73wcc-b2b6c29db31c550eee772d4662802269 main_color avia-section-large avia-no-shadow  avia-builder-el-0  el_before_av_section  avia-builder-el-first  avia-full-stretch avia-bg-style-fixed av-section-color-overlay-active container_wrap fullsize'  data-section-bg-repeat='stretch'><div class=\"av-section-color-overlay-wrap\"><div class=\"av-section-color-overlay\"><\/div><div class='container av-section-cont-open' ><main  role=\"main\" itemprop=\"mainContentOfPage\"  class='template-page content  av-content-full alpha units'><div class='post-entry post-entry-type-page post-entry-96'><div class='entry-content-wrapper clearfix'>\n\n<style type=\"text\/css\" data-created_by=\"avia_inline_auto\" id=\"style-css-av-6cww4-85cea56772650de7b45c2e9c27d90f43\">\n#top .av-special-heading.av-6cww4-85cea56772650de7b45c2e9c27d90f43{\npadding-bottom:0;\ncolor:#ffffff;\nfont-size:50px;\n}\nbody .av-special-heading.av-6cww4-85cea56772650de7b45c2e9c27d90f43 .av-special-heading-tag .heading-char{\nfont-size:25px;\n}\n#top #wrap_all .av-special-heading.av-6cww4-85cea56772650de7b45c2e9c27d90f43 .av-special-heading-tag{\nfont-size:50px;\n}\n.av-special-heading.av-6cww4-85cea56772650de7b45c2e9c27d90f43 .special-heading-inner-border{\nborder-color:#ffffff;\n}\n.av-special-heading.av-6cww4-85cea56772650de7b45c2e9c27d90f43 .av-subheading{\nfont-size:15px;\n}\n\n@media only screen and (min-width: 480px) and (max-width: 767px){ \n#top #wrap_all .av-special-heading.av-6cww4-85cea56772650de7b45c2e9c27d90f43 .av-special-heading-tag{\nfont-size:0.8em;\n}\n}\n\n@media only screen and (max-width: 479px){ \n#top #wrap_all .av-special-heading.av-6cww4-85cea56772650de7b45c2e9c27d90f43 .av-special-heading-tag{\nfont-size:0.8em;\n}\n}\n<\/style>\n<div  class='av-special-heading av-6cww4-85cea56772650de7b45c2e9c27d90f43 av-special-heading-h3 custom-color-heading blockquote modern-quote modern-centered  avia-builder-el-1  el_before_av_hr  avia-builder-el-first  av-inherit-size'><h3 class='av-special-heading-tag'  itemprop=\"headline\"  >\u00dcber uns<\/h3><div class=\"special-heading-border\"><div class=\"special-heading-inner-border\"><\/div><\/div><\/div>\n\n<style type=\"text\/css\" data-created_by=\"avia_inline_auto\" id=\"style-css-av-5nk30-7cd1fc4a407d5c247ec182ae135de316\">\n#top .hr.av-5nk30-7cd1fc4a407d5c247ec182ae135de316{\nmargin-top:30px;\nmargin-bottom:30px;\n}\n.hr.av-5nk30-7cd1fc4a407d5c247ec182ae135de316 .hr-inner{\nwidth:20%;\nborder-color:rgba(255,255,255,0.76);\nmax-width:45%;\n}\n.hr.av-5nk30-7cd1fc4a407d5c247ec182ae135de316 .av-seperator-icon{\ncolor:#ffffff;\n}\n<\/style>\n<div  class='hr av-5nk30-7cd1fc4a407d5c247ec182ae135de316 hr-custom  avia-builder-el-2  el_after_av_heading  avia-builder-el-last  hr-center hr-icon-yes'><span class='hr-inner inner-border-av-border-thin'><span class=\"hr-inner-style\"><\/span><\/span><span class='av-seperator-icon' aria-hidden='true' data-av_icon='\ue8bf' data-av_iconfont='entypo-fontello'><\/span><span class='hr-inner inner-border-av-border-thin'><span class=\"hr-inner-style\"><\/span><\/span><\/div>\n\n<\/div><\/div><\/main><!-- close content main element --><\/div><\/div><\/div><div id='av_section_2'  class='avia-section av-563gg-fdabf926a5aefc6b97cee976ed7a876f main_color avia-section-small avia-no-border-styling  avia-builder-el-3  el_after_av_section  avia-builder-el-last  avia-bg-style-fixed container_wrap fullsize'  ><div class='container av-section-cont-open' ><div class='template-page content  av-content-full alpha units'><div class='post-entry post-entry-type-page post-entry-96'><div class='entry-content-wrapper clearfix'>\n<div  class='flex_column av-4nm0w-0cbdd9c42bd044c8e5746be38e8068e2 av_one_full  avia-builder-el-4  avia-builder-el-no-sibling  first flex_column_div  '     ><div  class='tabcontainer av-3xeco-916fd21c16a410766f342ea9ccd8c394 sidebar_tab sidebar_tab_left  avia-builder-el-5  avia-builder-el-no-sibling  border_tabs' role='tablist'>\n<section class='av_tab_section av_tab_section av-237bs-6c3d805d18a4a3dadcc2af4a1e2ca55c'  itemscope=\"itemscope\" itemtype=\"https:\/\/schema.org\/CreativeWork\" ><div class='tab active_tab' role='tab' tabindex='0' data-fake-id='#tab-id-1' aria-controls='tab-id-1-content'  itemprop=\"headline\" ><span class='tab_icon' aria-hidden='true' data-av_icon='\ue80b' data-av_iconfont='entypo-fontello'><\/span>Unser Auftritt<\/div><div id='tab-id-1-content' class='tab_content active_tab_content' aria-hidden=\"false\"><div class='tab_inner_content invers-color'  itemprop=\"text\" ><p>Wir sind keine \u201ePolterchl\u00e4use\u201c, welche bei den Kindern Angst und Schrecken verbreiten. Vielmehr versuchen wir den Kindern im Gespr\u00e4ch ihre guten und schlechten Seiten verst\u00e4ndlich zu machen. Lob, Ermutigung aber nat\u00fcrlich auch ein mahnendes Wort sind hie und da dabei notwendig. Angst einfl\u00f6ssende Massnahmen wie, Rutenschl\u00e4ge oder \u201eKinder in den Sack packen\u201c lehnen wir strikte ab. Bei allen Anl\u00e4ssen, ob im vertrauten Familienrahmen, der gemeinsamen Feier verschiedener Familien oder bei gesellschaftlichen Anl\u00e4ssen in Vereinen, Kinderg\u00e4rten und anderen Organisationen versuchen unsere Samichl\u00e4use durch eine hohe Redegewandtheit und gute Rhetorik eine festliche und fr\u00f6hliche Stimmung herbeizuf\u00fchren. Auch spezielle Anliegen wie Verlesen von Gedichten, Geschichten oder das geduldige Zuh\u00f6ren bei kindlichen Darbietungen werden selbstverst\u00e4ndlich ber\u00fccksichtigt.<\/p>\n<\/div><\/div><\/section>\n<section class='av_tab_section av_tab_section av-27688-c28a9ec9b9f2f2da7d262511649c7bcc'  itemscope=\"itemscope\" itemtype=\"https:\/\/schema.org\/CreativeWork\" ><div class='tab' role='tab' tabindex='0' data-fake-id='#tab-id-2' aria-controls='tab-id-2-content'  itemprop=\"headline\" ><span class='tab_icon' aria-hidden='true' data-av_icon='\ue827' data-av_iconfont='entypo-fontello'><\/span>Unser Lohn<\/div><div id='tab-id-2-content' class='tab_content' aria-hidden=\"true\"><div class='tab_inner_content invers-color'  itemprop=\"text\" ><section class=\"av_textblock_section\">\n<div class=\"avia_textblock \">\n<p>Die St.Nikolausgesellschaft Wallisellen ist prim\u00e4r gemeinn\u00fctzig t\u00e4tig. F\u00fcr Familienbesuche werden keine fixen Beitr\u00e4ge verlangt.<br \/>\nUm die laufenden Kosten decken sowie den Vereinsbetrieb aufrecht zu erhalten, sind wir aber auf Zuwendungen angewiesen.<\/p>\n<p>Die folgenden Ans\u00e4tze verstehen sich als Richtpreise f\u00fcr unsere Dienste:<\/p>\n<p>Besuche im Samichlaush\u00fcsli: pro Kind 25.- inkl. Samichlauss\u00e4ckli (ab 2. Kind zus\u00e4tzlich 20.-)<br \/>\nFamilienbesuche zuhause: freiwilliger Beitrag<br \/>\nKinderg\u00e4rten und Schulen: nach Absprache; \u00fcblicherweise CHF 75.- \/ Klasse<br \/>\nVereine: bis 20 Personen CHF 125.- ; \u00a0\u00fcber 20 Personen CHF 150.-<br \/>\nFirmen: je nach Aufwand ab CHF 275.-<\/p>\n<\/div>\n<\/section>\n<\/div><\/div><\/section>\n<section class='av_tab_section av_tab_section av-1qfdg-a2ad854c9c9b9473db4630dace436a05'  itemscope=\"itemscope\" itemtype=\"https:\/\/schema.org\/CreativeWork\" ><div class='tab' role='tab' tabindex='0' data-fake-id='#tab-id-3' aria-controls='tab-id-3-content'  itemprop=\"headline\" ><span class='tab_icon' aria-hidden='true' data-av_icon='\ue8a8' data-av_iconfont='entypo-fontello'><\/span>G\u00f6nner<\/div><div id='tab-id-3-content' class='tab_content' aria-hidden=\"true\"><div class='tab_inner_content invers-color'  itemprop=\"text\" ><p>Sehr gerne k\u00f6nnen Sie uns mit einem G\u00f6nnerbeitrag unterst\u00fctzen.<\/p>\n<p>Bitte melden Sie sich mit dem <a href=\"https:\/\/www.chlaus.org\/?page_id=2901\" target=\"_blank\" rel=\"noopener\">Kontaktformular<\/a> bei uns, oder verwenden Sie unseren <a href=\"https:\/\/www.chlaus.org\/wp-content\/uploads\/2024\/03\/Einzahlungsschein.pdf\" target=\"_blank\" rel=\"noopener\">Einzahlungsschein<\/a>.<\/p>\n<p>Herzlichen Dank!<\/p>\n<\/div><\/div><\/section>\n<section class='av_tab_section av_tab_section av-av_tab-5049f43eb1eb6ae24b529059bbc56173'  itemscope=\"itemscope\" itemtype=\"https:\/\/schema.org\/CreativeWork\" ><div class='tab' role='tab' tabindex='0' data-fake-id='#tab-id-4' aria-controls='tab-id-4-content'  itemprop=\"headline\" ><span class='tab_icon' aria-hidden='true' data-av_icon='\ue80c' data-av_iconfont='entypo-fontello'><\/span>Mitgliedschaft<\/div><div id='tab-id-4-content' class='tab_content' aria-hidden=\"true\"><div class='tab_inner_content invers-color'  itemprop=\"text\" ><p>Wir sind stets auf der Suche nach neuen Mitgliedern, die uns mithelfen, die Samichlaus-Tradition weiter aufrecht zu erhalten.<\/p>\n<p>Es sind die verschiedensten Funktionen zu besetzen:<\/p>\n<ul>\n<li>Unterst\u00fctzer\/in f\u00fcr Organisation<\/li>\n<li>Maskenbildner\/in<\/li>\n<li>Fahrer\/in<\/li>\n<li>Schmutzli<\/li>\n<li>Samichl\u00e4use (nur M\u00e4nner)<\/li>\n<\/ul>\n<p>Bitte melde dich mit dem <a href=\"https:\/\/www.chlaus.org\/?page_id=7074\" target=\"_blank\" rel=\"noopener\">Formular<\/a> an. Wir freuen uns auf dich!<\/p>\n<\/div><\/div><\/section>\n<section class='av_tab_section av_tab_section av-35cg-171fb3f3f01f0727cf664d61299cfd28'  itemscope=\"itemscope\" itemtype=\"https:\/\/schema.org\/CreativeWork\" ><div class='tab' role='tab' tabindex='0' data-fake-id='#tab-id-5' aria-controls='tab-id-5-content'  itemprop=\"headline\" ><span class='tab_icon' aria-hidden='true' data-av_icon='\ue855' data-av_iconfont='entypo-fontello'><\/span>Entstehung<\/div><div id='tab-id-5-content' class='tab_content' aria-hidden=\"true\"><div class='tab_inner_content invers-color'  itemprop=\"text\" ><section class=\"av_textblock_section\">\n<div class=\"avia_textblock \">\n<p>Die Chlausgruppe, aus welcher die St.Nikolausgesellschaft Wallisellen entstand, besuchte schon in den 1960er Jahren Kinder und Familien in Wallisellen. Ihren Ursprung nahm sie bei der <a href=\"https:\/\/winki.ch\/\" target=\"_blank\" rel=\"noopener\">Pfadfinder Abteilung Winkelried<\/a>, die dem katholischen Pfadfinderbund angeh\u00f6rt.<\/p>\n<p>Erst am 4. November 2006 wurde dann ein ordentlicher Verein gegr\u00fcndet. Parallel zu den Mitgliederzahlen haben sich seitdem die Besuchszahlen bei Familien, Vereinen und Firmen kontinuierlich erh\u00f6ht. Jedes Jahr sind bis 10 Paare Samichl\u00e4use und Schmutzli unterwegs, um den Kindern und Erwachsenen eine Freude zu bereiten. Tradition ist auch der allj\u00e4hrliche Samichlauseinzug.<\/p>\n<p>Bis heute d\u00fcrfen wir wie jedes Jahr auf die Unterst\u00fctzung der <a href=\"https:\/\/www.kath-wallisellen.ch\/\" target=\"_blank\" rel=\"noopener\">Pfarrei St.\u00a0 Antonius Wallisellen<\/a> z\u00e4hlen, die uns materiell und personell beg\u00fcnstigt.<\/p>\n<\/div>\n<div class=\"avia_textblock \"><\/div>\n<\/section>\n<\/div><\/div><\/section>\n<section class='av_tab_section av_tab_section av-pdt4-03634a8ed1d3acfa9815856ec08ab0d3'  itemscope=\"itemscope\" itemtype=\"https:\/\/schema.org\/CreativeWork\" ><div class='tab' role='tab' tabindex='0' data-fake-id='#tab-id-6' aria-controls='tab-id-6-content'  itemprop=\"headline\" ><span class='tab_icon' aria-hidden='true' data-av_icon='\ue8b0' data-av_iconfont='entypo-fontello'><\/span>Downloads &amp; Links<\/div><div id='tab-id-6-content' class='tab_content' aria-hidden=\"true\"><div class='tab_inner_content invers-color'  itemprop=\"text\" ><p><a href=\"https:\/\/www.chlaus.org\/wp-content\/uploads\/2023\/09\/Informationen-fuer-Besuche-in-Samichlaus-Huesli.pdf\" target=\"_blank\" rel=\"noopener\">Informationen zum Besuch Im Samichlaush\u00fcsli<\/a><\/p>\n<p><a href=\"https:\/\/www.chlaus.org\/wp-content\/uploads\/2023\/10\/Infos_FB_2023.pdf\" target=\"_blank\" rel=\"noopener\">Informationen zum Familienbesuch zuhause<\/a><\/p>\n<\/div><\/div><\/section>\n<\/div><\/div>\n","protected":false},"excerpt":{"rendered":"","protected":false},"author":2,"featured_media":0,"parent":0,"menu_order":0,"comment_status":"open","ping_status":"open","template":"","meta":{"footnotes":""},"class_list":["post-96","page","type-page","status-publish","hentry"],"_links":{"self":[{"href":"https:\/\/www.chlaus.org\/index.php?rest_route=\/wp\/v2\/pages\/96","targetHints":{"allow":["GET"]}}],"collection":[{"href":"https:\/\/www.chlaus.org\/index.php?rest_route=\/wp\/v2\/pages"}],"about":[{"href":"https:\/\/www.chlaus.org\/index.php?rest_route=\/wp\/v2\/types\/page"}],"author":[{"embeddable":true,"href":"https:\/\/www.chlaus.org\/index.php?rest_route=\/wp\/v2\/users\/2"}],"replies":[{"embeddable":true,"href":"https:\/\/www.chlaus.org\/index.php?rest_route=%2Fwp%2Fv2%2Fcomments&post=96"}],"version-history":[{"count":47,"href":"https:\/\/www.chlaus.org\/index.php?rest_route=\/wp\/v2\/pages\/96\/revisions"}],"predecessor-version":[{"id":7128,"href":"https:\/\/www.chlaus.org\/index.php?rest_route=\/wp\/v2\/pages\/96\/revisions\/7128"}],"wp:attachment":[{"href":"https:\/\/www.chlaus.org\/index.php?rest_route=%2Fwp%2Fv2%2Fmedia&parent=96"}],"curies":[{"name":"wp","href":"https:\/\/api.w.org\/{rel}","templated":true}]}}